{"id":411,"date":"2021-08-27T12:19:36","date_gmt":"2021-08-27T12:19:36","guid":{"rendered":"http:\/\/dummy.xtemos.com\/woodmart2\/elementor\/?post_type=product&#038;p=411"},"modified":"2024-10-20T21:05:12","modified_gmt":"2024-10-20T21:05:12","slug":"henectus-tincidunt","status":"publish","type":"product","link":"https:\/\/nurs2.moonstarweb.dk\/index.php\/product\/henectus-tincidunt\/","title":{"rendered":"The Farmer Joe"},"content":{"rendered":"<p>180 gr. b\u00f8f af hakket oksek\u00f8d, mayo, salat. bacon, cheddar cheese sauce, karamelliseret l\u00f8g, drueagurker, l\u00f8gringe &amp; BBQ dressing.<\/p>\n","protected":false},"excerpt":{"rendered":"<p>180 gr. b\u00f8f af hakket oksek\u00f8d, mayo, salat. bacon, cheddar cheese sauce, karamelliseret l\u00f8g, drueagurker, l\u00f8gringe &amp; BBQ dressing.<\/p>\n","protected":false},"featured_media":27314,"template":"","meta":[],"product_brand":[],"product_cat":[20],"product_tag":[],"class_list":{"0":"post-411","1":"product","2":"type-product","3":"status-publish","4":"has-post-thumbnail","6":"product_cat-accessories","8":"first","9":"instock","10":"shipping-taxable","11":"purchasable","12":"product-type-simple"},"_links":{"self":[{"href":"https:\/\/nurs2.moonstarweb.dk\/index.php\/wp-json\/wp\/v2\/product\/411","targetHints":{"allow":["GET"]}}],"collection":[{"href":"https:\/\/nurs2.moonstarweb.dk\/index.php\/wp-json\/wp\/v2\/product"}],"about":[{"href":"https:\/\/nurs2.moonstarweb.dk\/index.php\/wp-json\/wp\/v2\/types\/product"}],"wp:featuredmedia":[{"embeddable":true,"href":"https:\/\/nurs2.moonstarweb.dk\/index.php\/wp-json\/wp\/v2\/media\/27314"}],"wp:attachment":[{"href":"https:\/\/nurs2.moonstarweb.dk\/index.php\/wp-json\/wp\/v2\/media?parent=411"}],"wp:term":[{"taxonomy":"product_brand","embeddable":true,"href":"https:\/\/nurs2.moonstarweb.dk\/index.php\/wp-json\/wp\/v2\/product_brand?post=411"},{"taxonomy":"product_cat","embeddable":true,"href":"https:\/\/nurs2.moonstarweb.dk\/index.php\/wp-json\/wp\/v2\/product_cat?post=411"},{"taxonomy":"product_tag","embeddable":true,"href":"https:\/\/nurs2.moonstarweb.dk\/index.php\/wp-json\/wp\/v2\/product_tag?post=411"}],"curies":[{"name":"wp","href":"https:\/\/api.w.org\/{rel}","templated":true}]}}