{"id":395,"date":"2021-08-27T12:11:46","date_gmt":"2021-08-27T12:11:46","guid":{"rendered":"http:\/\/dummy.xtemos.com\/woodmart2\/elementor\/?post_type=product&#038;p=395"},"modified":"2024-10-20T21:06:37","modified_gmt":"2024-10-20T21:06:37","slug":"ornare-auctor","status":"publish","type":"product","link":"https:\/\/nurs2.moonstarweb.dk\/index.php\/product\/ornare-auctor\/","title":{"rendered":"The Danish"},"content":{"rendered":"<p>180 gr. hjemmelavet b\u00f8fsandwich m. brun sovs, bl\u00f8de l\u00f8g, ristede l\u00f8g, r\u00f8dbeder, agurkesalat, ketchup &amp; remoulade.<\/p>\n","protected":false},"excerpt":{"rendered":"<p>Consequat a scelerisque suspendisse vel et eget eu vitae adipiscing nibh scelerisque semper cum adipiscing facilisis adipiscing est accumsan lorem vestibulum. Aliquet mus a aptent ullam corper metus accumsan. Habitasse a purus nec ipsum a urna ac ullamcorper varius metus blandit posuere.<\/p>\n","protected":false},"featured_media":27316,"template":"","meta":[],"product_brand":[],"product_cat":[20],"product_tag":[],"class_list":{"0":"post-395","1":"product","2":"type-product","3":"status-publish","4":"has-post-thumbnail","6":"product_cat-accessories","8":"first","9":"instock","10":"shipping-taxable","11":"purchasable","12":"product-type-variable"},"_links":{"self":[{"href":"https:\/\/nurs2.moonstarweb.dk\/index.php\/wp-json\/wp\/v2\/product\/395","targetHints":{"allow":["GET"]}}],"collection":[{"href":"https:\/\/nurs2.moonstarweb.dk\/index.php\/wp-json\/wp\/v2\/product"}],"about":[{"href":"https:\/\/nurs2.moonstarweb.dk\/index.php\/wp-json\/wp\/v2\/types\/product"}],"wp:featuredmedia":[{"embeddable":true,"href":"https:\/\/nurs2.moonstarweb.dk\/index.php\/wp-json\/wp\/v2\/media\/27316"}],"wp:attachment":[{"href":"https:\/\/nurs2.moonstarweb.dk\/index.php\/wp-json\/wp\/v2\/media?parent=395"}],"wp:term":[{"taxonomy":"product_brand","embeddable":true,"href":"https:\/\/nurs2.moonstarweb.dk\/index.php\/wp-json\/wp\/v2\/product_brand?post=395"},{"taxonomy":"product_cat","embeddable":true,"href":"https:\/\/nurs2.moonstarweb.dk\/index.php\/wp-json\/wp\/v2\/product_cat?post=395"},{"taxonomy":"product_tag","embeddable":true,"href":"https:\/\/nurs2.moonstarweb.dk\/index.php\/wp-json\/wp\/v2\/product_tag?post=395"}],"curies":[{"name":"wp","href":"https:\/\/api.w.org\/{rel}","templated":true}]}}