{"id":4363,"date":"2021-08-16T15:23:37","date_gmt":"2021-08-16T15:23:37","guid":{"rendered":"http:\/\/dummy.xtemos.com\/woodmart2\/?page_id=4363"},"modified":"2025-05-06T19:10:27","modified_gmt":"2025-05-06T19:10:27","slug":"home-drinks","status":"publish","type":"page","link":"https:\/\/nurs2.moonstarweb.dk\/","title":{"rendered":"Forside"},"content":{"rendered":"<div class=\"wpb-content-wrapper\"><p>[vc_row full_width=&#8221;stretch_row&#8221; woodmart_bg_position=&#8221;center-center&#8221; css=&#8221;.vc_custom_1746558494107{margin-top: 0px !important;background: #000000E8 url(https:\/\/nurs2.moonstarweb.dk\/wp-content\/uploads\/2024\/10\/Design-uden-navn-10-1.png?id=27380) !important;background-position: center !important;background-repeat: no-repeat !important;background-size: cover !important;}&#8221; woodmart_css_id=&#8221;681a5e0f1d8be&#8221; responsive_spacing=&#8221;eyJwYXJhbV90eXBlIjoid29vZG1hcnRfcmVzcG9uc2l2ZV9zcGFjaW5nIiwic2VsZWN0b3JfaWQiOiI2ODFhNWUwZjFkOGJlIiwic2hvcnRjb2RlIjoidmNfcm93IiwiZGF0YSI6eyJ0YWJsZXQiOnt9LCJtb2JpbGUiOnt9fX0=&#8221; mobile_bg_img_hidden=&#8221;no&#8221; tablet_bg_img_hidden=&#8221;no&#8221; woodmart_parallax=&#8221;0&#8243; woodmart_gradient_switch=&#8221;no&#8221; woodmart_box_shadow=&#8221;no&#8221; wd_z_index=&#8221;no&#8221; woodmart_disable_overflow=&#8221;0&#8243; row_reverse_mobile=&#8221;0&#8243; row_reverse_tablet=&#8221;0&#8243; el_class=&#8221;Mobileoverlay&#8221;][vc_column woodmart_color_scheme=&#8221;light&#8221; woodmart_css_id=&#8221;681a5e6b8b0d4&#8243; parallax_scroll=&#8221;no&#8221; woodmart_sticky_column=&#8221;false&#8221; wd_collapsible_content_switcher=&#8221;no&#8221; wd_column_role_offcanvas_desktop=&#8221;no&#8221; wd_column_role_offcanvas_tablet=&#8221;no&#8221; wd_column_role_offcanvas_mobile=&#8221;no&#8221; wd_column_role_content_desktop=&#8221;no&#8221; wd_column_role_content_tablet=&#8221;no&#8221; wd_column_role_content_mobile=&#8221;no&#8221; mobile_bg_img_hidden=&#8221;no&#8221; tablet_bg_img_hidden=&#8221;no&#8221; woodmart_parallax=&#8221;0&#8243; woodmart_box_shadow=&#8221;no&#8221; responsive_spacing=&#8221;eyJwYXJhbV90eXBlIjoid29vZG1hcnRfcmVzcG9uc2l2ZV9zcGFjaW5nIiwic2VsZWN0b3JfaWQiOiI2ODFhNWU2YjhiMGQ0Iiwic2hvcnRjb2RlIjoidmNfY29sdW1uIiwiZGF0YSI6eyJ0YWJsZXQiOnt9LCJtb2JpbGUiOnsibWFyZ2luLXRvcCI6IjQwcHgifX19&#8243; mobile_reset_margin=&#8221;no&#8221; tablet_reset_margin=&#8221;no&#8221; wd_z_index=&#8221;no&#8221; css=&#8221;.vc_custom_1746558580547{margin-top: 100px !important;padding-top: 32px !important;padding-bottom: 60px !important;background-color: #28272700 !important;}&#8221;]\n\t\t<div id=\"wd-673dc727336aa\" class=\"title-wrapper wd-wpb wd-set-mb reset-last-child  wd-rs-673dc727336aa wd-title-color-default wd-title-style-simple text-center vc_custom_1732101937219 wd-underline-colored\">\n\t\t\t\t\t\t\t\n\t\t\t\t<div class=\"title-subtitle  subtitle-color-default font-alt subtitle-style-default wd-font-weight- wd-fontsize-xs\">Velkommen<\/div>\n\t\t\t\n\t\t\t<div class=\"liner-continer\">\n\t\t\t\t<h4 class=\"woodmart-title-container title  wd-font-weight- wd-fontsize-l\" >Nur's Burger &amp; Steakhouse<\/h4>\n\t\t\t\t\t\t\t<\/div>\n\t\t\t\n\t\t\t\t\t\t\t<div class=\"title-after_title reset-last-child  wd-fontsize-xs\">Et hyggeligt spisested, hvor hele familien kan v\u00e6re med<br \/>\nVI tilbyder et stort l\u00e6kkert udvalg af forskellige retter<\/div>\n\t\t\t\n\t\t\t\n\t\t<\/div>\n\t\t\n\t\t[\/vc_column][\/vc_row][vc_row css=&#8221;.vc_custom_1732103450438{margin-top: 100px !important;}&#8221; woodmart_css_id=&#8221;673dcd1119dfa&#8221; responsive_spacing=&#8221;eyJwYXJhbV90eXBlIjoid29vZG1hcnRfcmVzcG9uc2l2ZV9zcGFjaW5nIiwic2VsZWN0b3JfaWQiOiI2NzNkY2QxMTE5ZGZhIiwic2hvcnRjb2RlIjoidmNfcm93IiwiZGF0YSI6eyJ0YWJsZXQiOnt9LCJtb2JpbGUiOnt9fX0=&#8221; mobile_bg_img_hidden=&#8221;no&#8221; tablet_bg_img_hidden=&#8221;no&#8221; woodmart_parallax=&#8221;0&#8243; woodmart_gradient_switch=&#8221;no&#8221; woodmart_box_shadow=&#8221;no&#8221; wd_z_index=&#8221;no&#8221; woodmart_disable_overflow=&#8221;0&#8243; row_reverse_mobile=&#8221;0&#8243; row_reverse_tablet=&#8221;0&#8243;][vc_column woodmart_color_scheme=&#8221;dark&#8221; woodmart_css_id=&#8221;673dcd1b7c2d4&#8243; parallax_scroll=&#8221;no&#8221; woodmart_sticky_column=&#8221;false&#8221; wd_collapsible_content_switcher=&#8221;no&#8221; wd_column_role_offcanvas_desktop=&#8221;no&#8221; wd_column_role_offcanvas_tablet=&#8221;no&#8221; wd_column_role_offcanvas_mobile=&#8221;no&#8221; wd_column_role_content_desktop=&#8221;no&#8221; wd_column_role_content_tablet=&#8221;no&#8221; wd_column_role_content_mobile=&#8221;no&#8221; mobile_bg_img_hidden=&#8221;no&#8221; tablet_bg_img_hidden=&#8221;no&#8221; woodmart_parallax=&#8221;0&#8243; woodmart_box_shadow=&#8221;no&#8221; responsive_spacing=&#8221;eyJwYXJhbV90eXBlIjoid29vZG1hcnRfcmVzcG9uc2l2ZV9zcGFjaW5nIiwic2VsZWN0b3JfaWQiOiI2NzNkY2QxYjdjMmQ0Iiwic2hvcnRjb2RlIjoidmNfY29sdW1uIiwiZGF0YSI6eyJ0YWJsZXQiOnt9LCJtb2JpbGUiOnt9fX0=&#8221; mobile_reset_margin=&#8221;no&#8221; tablet_reset_margin=&#8221;no&#8221; wd_z_index=&#8221;no&#8221; css=&#8221;.vc_custom_1732103458033{padding-top: 100px !important;padding-right: 10% !important;padding-left: 10% !important;}&#8221;]\t\t<div id=\"wd-673dccbadb286\" class=\"wd-text-block wd-wpb reset-last-child wd-rs-673dccbadb286 hidden-md hidden-sm hidden-xs text-center wd-fontsize-custom font-primary vc_custom_1732103372600\">\n\t\t\t<p>NURS BURGER &amp; STEAKHOUSE<\/p>\n\t\t<\/div>\n\t\t\n\t\t<div id=\"wd-673dcd3182ee1\" class=\"title-wrapper wd-wpb wd-set-mb reset-last-child  wd-rs-673dcd3182ee1 wd-title-color-default wd-title-style-default text-center vc_custom_1732103480702 wd-title-empty wd-underline-colored\">\n\t\t\t\n\t\t\t<div class=\"liner-continer\">\n\t\t\t\t<h4 class=\"woodmart-title-container title  wd-font-weight- wd-fontsize-l\" ><\/h4>\n\t\t\t\t\t\t\t<\/div>\n\t\t\t\n\t\t\t\t\t\t\t<div class=\"title-after_title reset-last-child  wd-fontsize-xs\">Nur\u2019s Burger &amp; Steakhouse er en restaurant beliggende i Nyborg.<br \/>\nDette er et hyggeligt spisested, hvor hele familien kan v\u00e6re med.<br \/>\nEt sted, hvor maden altid er frisklavet, og hvor r\u00e5varerne er af h\u00f8j kvalitet, med god smag og til en god pris.<br \/>\nStedet hvor du kan m\u00f8de dine venner eller bes\u00f8ge med hele familien.<\/div>\n\t\t\t\n\t\t\t\n\t\t<\/div>\n\t\t\n\t\t[vc_row_inner gap=&#8221;35&#8243; woodmart_css_id=&#8221;679a07fa5981f&#8221; responsive_spacing=&#8221;eyJwYXJhbV90eXBlIjoid29vZG1hcnRfcmVzcG9uc2l2ZV9zcGFjaW5nIiwic2VsZWN0b3JfaWQiOiI2NzlhMDdmYTU5ODFmIiwic2hvcnRjb2RlIjoidmNfcm93X2lubmVyIiwiZGF0YSI6eyJ0YWJsZXQiOnt9LCJtb2JpbGUiOnsibWFyZ2luLXRvcCI6IjBweCJ9fX0=&#8221; mobile_bg_img_hidden=&#8221;no&#8221; tablet_bg_img_hidden=&#8221;no&#8221; woodmart_parallax=&#8221;0&#8243; woodmart_gradient_switch=&#8221;no&#8221; woodmart_box_shadow=&#8221;no&#8221; wd_z_index=&#8221;no&#8221; woodmart_disable_overflow=&#8221;0&#8243; row_reverse_mobile=&#8221;0&#8243; row_reverse_tablet=&#8221;0&#8243; css=&#8221;.vc_custom_1738147838970{margin-top: 80px !important;}&#8221;][vc_column_inner width=&#8221;1\/3&#8243; woodmart_css_id=&#8221;673cd6a094464&#8243; parallax_scroll=&#8221;no&#8221; woodmart_sticky_column=&#8221;false&#8221; wd_collapsible_content_switcher=&#8221;no&#8221; wd_column_role_offcanvas_desktop=&#8221;no&#8221; wd_column_role_offcanvas_tablet=&#8221;no&#8221; wd_column_role_offcanvas_mobile=&#8221;no&#8221; wd_column_role_content_desktop=&#8221;no&#8221; wd_column_role_content_tablet=&#8221;no&#8221; wd_column_role_content_mobile=&#8221;no&#8221; mobile_bg_img_hidden=&#8221;no&#8221; tablet_bg_img_hidden=&#8221;no&#8221; woodmart_parallax=&#8221;0&#8243; woodmart_box_shadow=&#8221;yes&#8221; wd_box_shadow=&#8221;eyJkZXZpY2VzIjp7ImRlc2t0b3AiOnsiaG9yaXpvbnRhbCI6IjAiLCJ2ZXJ0aWNhbCI6IjAiLCJibHVyIjoiOSIsInNwcmVhZCI6IjAiLCJjb2xvciI6InJnYmEoMCwgMCwgMCwgLjE1KSJ9fX0=&#8221; responsive_spacing=&#8221;eyJwYXJhbV90eXBlIjoid29vZG1hcnRfcmVzcG9uc2l2ZV9zcGFjaW5nIiwic2VsZWN0b3JfaWQiOiI2NzNjZDZhMDk0NDY0Iiwic2hvcnRjb2RlIjoidmNfY29sdW1uX2lubmVyIiwiZGF0YSI6eyJ0YWJsZXQiOnt9LCJtb2JpbGUiOnt9fX0=&#8221; wd_z_index=&#8221;no&#8221; css=&#8221;.vc_custom_1732040357413{padding-bottom: 30px !important;border-radius: 10px !important;}&#8221;]\n\t\t<div id=\"wd-673bcd92801e7\" class=\"title-wrapper wd-wpb wd-set-mb reset-last-child  wd-rs-673bcd92801e7 wd-title-color-default wd-title-style-default text-center  wd-underline-colored\">\n\t\t\t\n\t\t\t<div class=\"liner-continer\">\n\t\t\t\t<h4 class=\"woodmart-title-container title  wd-font-weight- wd-fontsize-xxl\" >Konceptet<\/h4>\n\t\t\t\t\t\t\t<\/div>\n\t\t\t\n\t\t\t\t\t\t\t<div class=\"title-after_title reset-last-child  wd-fontsize-s\">N\u00f8gleordet hos os er kompromisl\u00f8s kvalitet, friske r\u00e5varer og store smagsoplevelser. Vi fokuserer nemlig p\u00e5 at skabe de bedste oplevelser for vores kunder med masser af rummelighed, godt hum\u00f8r og god stemning. Det er med andre ord ren hygge i to etager.<\/div>\n\t\t\t\n\t\t\t\n\t\t<\/div>\n\t\t\n\t\t[\/vc_column_inner][vc_column_inner width=&#8221;1\/3&#8243; woodmart_color_scheme=&#8221;light&#8221; css=&#8221;.vc_custom_1738147673098{padding-bottom: 28px !important;background-color: #DD3333 !important;border-radius: 10px !important;}&#8221; woodmart_css_id=&#8221;679a075297cf8&#8243; parallax_scroll=&#8221;no&#8221; woodmart_sticky_column=&#8221;false&#8221; wd_collapsible_content_switcher=&#8221;no&#8221; wd_column_role_offcanvas_desktop=&#8221;no&#8221; wd_column_role_offcanvas_tablet=&#8221;no&#8221; wd_column_role_offcanvas_mobile=&#8221;no&#8221; wd_column_role_content_desktop=&#8221;no&#8221; wd_column_role_content_tablet=&#8221;no&#8221; wd_column_role_content_mobile=&#8221;no&#8221; mobile_bg_img_hidden=&#8221;no&#8221; tablet_bg_img_hidden=&#8221;no&#8221; woodmart_parallax=&#8221;0&#8243; woodmart_box_shadow=&#8221;yes&#8221; responsive_spacing=&#8221;eyJwYXJhbV90eXBlIjoid29vZG1hcnRfcmVzcG9uc2l2ZV9zcGFjaW5nIiwic2VsZWN0b3JfaWQiOiI2NzlhMDc1Mjk3Y2Y4Iiwic2hvcnRjb2RlIjoidmNfY29sdW1uX2lubmVyIiwiZGF0YSI6eyJ0YWJsZXQiOnt9LCJtb2JpbGUiOnt9fX0=&#8221; wd_z_index=&#8221;no&#8221; wd_box_shadow=&#8221;eyJkZXZpY2VzIjp7ImRlc2t0b3AiOnsiaG9yaXpvbnRhbCI6IjAiLCJ2ZXJ0aWNhbCI6IjAiLCJibHVyIjoiOSIsInNwcmVhZCI6IjAiLCJjb2xvciI6InJnYmEoMCwgMCwgMCwgLjE1KSJ9fX0=&#8221;]\n\t\t<div id=\"wd-679a078ebcb46\" class=\"title-wrapper wd-wpb wd-set-mb reset-last-child  wd-rs-679a078ebcb46 wd-title-color-default wd-title-style-default text-center  wd-underline-colored\">\n\t\t\t\n\t\t\t<div class=\"liner-continer\">\n\t\t\t\t<h4 class=\"woodmart-title-container title  wd-font-weight- wd-fontsize-xxl\" >Takeaway<\/h4>\n\t\t\t\t\t\t\t<\/div>\n\t\t\t\n\t\t\t\t\t\t\t<div class=\"title-after_title reset-last-child  wd-fontsize-s\">Uanset om du er p\u00e5 farten eller har travlt med at komme hjem, er vi her for at hj\u00e6lpe.<br \/>\nAlt p\u00e5 vores menu kan bestilles to-go i restauranterne, nemt og belejligt.<br \/>\nVores menukort s\u00e6tter et tiltr\u00e6ngt twist p\u00e5 den gode smagsoplevelse.<\/div>\n\t\t\t\n\t\t\t\n\t\t<\/div>\n\t\t\n\t\t[\/vc_column_inner][vc_column_inner width=&#8221;1\/3&#8243; woodmart_color_scheme=&#8221;dark&#8221; woodmart_css_id=&#8221;673bce37efdf7&#8243; parallax_scroll=&#8221;no&#8221; woodmart_sticky_column=&#8221;false&#8221; wd_collapsible_content_switcher=&#8221;no&#8221; wd_column_role_offcanvas_desktop=&#8221;no&#8221; wd_column_role_offcanvas_tablet=&#8221;no&#8221; wd_column_role_offcanvas_mobile=&#8221;no&#8221; wd_column_role_content_desktop=&#8221;no&#8221; wd_column_role_content_tablet=&#8221;no&#8221; wd_column_role_content_mobile=&#8221;no&#8221; mobile_bg_img_hidden=&#8221;no&#8221; tablet_bg_img_hidden=&#8221;no&#8221; woodmart_parallax=&#8221;0&#8243; woodmart_box_shadow=&#8221;yes&#8221; wd_box_shadow=&#8221;eyJkZXZpY2VzIjp7ImRlc2t0b3AiOnsiaG9yaXpvbnRhbCI6IjAiLCJ2ZXJ0aWNhbCI6IjAiLCJibHVyIjoiOSIsInNwcmVhZCI6IjAiLCJjb2xvciI6InJnYmEoMCwgMCwgMCwgLjE1KSJ9fX0=&#8221; responsive_spacing=&#8221;eyJwYXJhbV90eXBlIjoid29vZG1hcnRfcmVzcG9uc2l2ZV9zcGFjaW5nIiwic2VsZWN0b3JfaWQiOiI2NzNiY2UzN2VmZGY3Iiwic2hvcnRjb2RlIjoidmNfY29sdW1uX2lubmVyIiwiZGF0YSI6eyJ0YWJsZXQiOnt9LCJtb2JpbGUiOnt9fX0=&#8221; wd_z_index=&#8221;no&#8221; css=&#8221;.vc_custom_1731972669937{border-radius: 10px !important;}&#8221;]\n\t\t<div id=\"wd-673bcd7ef1135\" class=\"title-wrapper wd-wpb wd-set-mb reset-last-child  wd-rs-673bcd7ef1135 wd-title-color-default wd-title-style-default text-center  wd-underline-colored\">\n\t\t\t\n\t\t\t<div class=\"liner-continer\">\n\t\t\t\t<h4 class=\"woodmart-title-container title  wd-font-weight- wd-fontsize-xxl\" >Restaurant<\/h4>\n\t\t\t\t\t\t\t<\/div>\n\t\t\t\n\t\t\t\t\t\t\t<div class=\"title-after_title reset-last-child  wd-fontsize-s\">Bes\u00f8g vores burger &amp; steak restaurant i Nyborg. Oplev atmosf\u00e6ren og de mange valgmuligheder fra menukortet. Kom og slap af, mens personalet fremtryller mad og drikkevarer lige efter din smag. Hos Nur\u2019s Burger &amp; Steakhouse l\u00e6gger vi v\u00e6gt p\u00e5, at kunden f\u00e5r en god service og oplevelse.<\/div>\n\t\t\t\n\t\t\t\n\t\t<\/div>\n\t\t\n\t\t[\/vc_column_inner][\/vc_row_inner][\/vc_column][\/vc_row][vc_row woodmart_stretch_content=&#8221;section-stretch&#8221; css=&#8221;.vc_custom_1746558625247{margin-top: 80px !important;margin-bottom: -40px !important;padding-top: 10% !important;padding-right: 10% !important;padding-bottom: 10% !important;padding-left: 10% !important;background-color: #111111 !important;}&#8221; woodmart_css_id=&#8221;681a5e9b36300&#8243; responsive_spacing=&#8221;eyJwYXJhbV90eXBlIjoid29vZG1hcnRfcmVzcG9uc2l2ZV9zcGFjaW5nIiwic2VsZWN0b3JfaWQiOiI2ODFhNWU5YjM2MzAwIiwic2hvcnRjb2RlIjoidmNfcm93IiwiZGF0YSI6eyJ0YWJsZXQiOnt9LCJtb2JpbGUiOnt9fX0=&#8221; mobile_bg_img_hidden=&#8221;no&#8221; tablet_bg_img_hidden=&#8221;no&#8221; woodmart_parallax=&#8221;0&#8243; woodmart_gradient_switch=&#8221;no&#8221; woodmart_box_shadow=&#8221;no&#8221; wd_z_index=&#8221;no&#8221; woodmart_disable_overflow=&#8221;0&#8243; row_reverse_mobile=&#8221;1&#8243; row_reverse_tablet=&#8221;0&#8243;][vc_column width=&#8221;1\/2&#8243; woodmart_color_scheme=&#8221;light&#8221; woodmart_text_align=&#8221;right&#8221; woodmart_css_id=&#8221;679a07bdd322b&#8221; parallax_scroll=&#8221;no&#8221; woodmart_sticky_column=&#8221;false&#8221; wd_collapsible_content_switcher=&#8221;no&#8221; wd_column_role_offcanvas_desktop=&#8221;no&#8221; wd_column_role_offcanvas_tablet=&#8221;no&#8221; wd_column_role_offcanvas_mobile=&#8221;no&#8221; wd_column_role_content_desktop=&#8221;no&#8221; wd_column_role_content_tablet=&#8221;no&#8221; wd_column_role_content_mobile=&#8221;no&#8221; mobile_bg_img_hidden=&#8221;no&#8221; tablet_bg_img_hidden=&#8221;no&#8221; woodmart_parallax=&#8221;0&#8243; woodmart_box_shadow=&#8221;no&#8221; responsive_spacing=&#8221;eyJwYXJhbV90eXBlIjoid29vZG1hcnRfcmVzcG9uc2l2ZV9zcGFjaW5nIiwic2VsZWN0b3JfaWQiOiI2NzlhMDdiZGQzMjJiIiwic2hvcnRjb2RlIjoidmNfY29sdW1uIiwiZGF0YSI6eyJ0YWJsZXQiOnt9LCJtb2JpbGUiOnt9fX0=&#8221; mobile_reset_margin=&#8221;no&#8221; tablet_reset_margin=&#8221;no&#8221; wd_z_index=&#8221;no&#8221;]\n\t\t<div id=\"wd-679b5158ccea4\" class=\"title-wrapper wd-wpb wd-set-mb reset-last-child  wd-rs-679b5158ccea4 wd-title-color-default wd-title-style-default text-right  wd-width-enabled wd-underline-colored\" style=\"--wd-max-width: 90%;\">\n\t\t\t\n\t\t\t<div class=\"liner-continer\">\n\t\t\t\t<h4 class=\"woodmart-title-container title  wd-font-weight- wd-fontsize-l\" >Lad Nur\u2019s Burger &amp; Steakhouse<br \/>\nfork\u00e6le dig<\/h4>\n\t\t\t\t\t\t\t<\/div>\n\t\t\t\n\t\t\t\t\t\t\t<div class=\"title-after_title reset-last-child  wd-fontsize-xs\">Uanset om du vil give k\u00e6resten, vennerne eller familien en hyggelig aften i byen, st\u00e5r vi klar til at servicere dig og dit selskab \u2013 her er maden og stemningen altid i top.<\/div>\n\t\t\t\n\t\t\t\n\t\t<\/div>\n\t\t\n\t\t<div id=\"wd-673cd9f780a88\" class=\" wd-rs-673cd9f780a88  wd-button-wrapper text-right\"><a  style=\"--btn-color:#fff;--btn-color-hover:#fff;\" class=\"btn btn-style-default btn-shape-semi-round btn-size-default\">Bestil TakeAway<\/a><\/div>[\/vc_column][vc_column width=&#8221;1\/2&#8243; woodmart_color_scheme=&#8221;light&#8221; woodmart_css_id=&#8221;673dce6e153af&#8221; parallax_scroll=&#8221;no&#8221; woodmart_sticky_column=&#8221;false&#8221; wd_collapsible_content_switcher=&#8221;no&#8221; wd_column_role_offcanvas_desktop=&#8221;no&#8221; wd_column_role_offcanvas_tablet=&#8221;no&#8221; wd_column_role_offcanvas_mobile=&#8221;no&#8221; wd_column_role_content_desktop=&#8221;no&#8221; wd_column_role_content_tablet=&#8221;no&#8221; wd_column_role_content_mobile=&#8221;no&#8221; mobile_bg_img_hidden=&#8221;no&#8221; tablet_bg_img_hidden=&#8221;no&#8221; woodmart_parallax=&#8221;0&#8243; woodmart_box_shadow=&#8221;no&#8221; responsive_spacing=&#8221;eyJwYXJhbV90eXBlIjoid29vZG1hcnRfcmVzcG9uc2l2ZV9zcGFjaW5nIiwic2VsZWN0b3JfaWQiOiI2NzNkY2U2ZTE1M2FmIiwic2hvcnRjb2RlIjoidmNfY29sdW1uIiwiZGF0YSI6eyJ0YWJsZXQiOnt9LCJtb2JpbGUiOnt9fX0=&#8221; mobile_reset_margin=&#8221;no&#8221; tablet_reset_margin=&#8221;no&#8221; wd_z_index=&#8221;no&#8221;][vc_single_image image=&#8221;27708&#8243; img_size=&#8221;400&#215;400&#8243; alignment=&#8221;center&#8221; css=&#8221;&#8221; parallax_scroll=&#8221;no&#8221; woodmart_inline=&#8221;no&#8221;][\/vc_column][\/vc_row][vc_row][vc_column width=&#8221;1\/2&#8243;]\t\t<div id=\"wd-673dcf7e28f37\" class=\"wd-image wd-wpb wd-rs-673dcf7e28f37 text-center vc_custom_1732104077025\">\n\t\t\t\n\t\t\t<img loading=\"lazy\" decoding=\"async\" width=\"800\" height=\"600\" src=\"https:\/\/nurs2.moonstarweb.dk\/wp-content\/uploads\/2024\/11\/c168fd3b-b030-4034-affb-0a4b381e18bf.png\" class=\"attachment-full size-full\" alt=\"\" srcset=\"https:\/\/nurs2.moonstarweb.dk\/wp-content\/uploads\/2024\/11\/c168fd3b-b030-4034-affb-0a4b381e18bf.png 800w, https:\/\/nurs2.moonstarweb.dk\/wp-content\/uploads\/2024\/11\/c168fd3b-b030-4034-affb-0a4b381e18bf-400x300.png 400w, https:\/\/nurs2.moonstarweb.dk\/wp-content\/uploads\/2024\/11\/c168fd3b-b030-4034-affb-0a4b381e18bf-768x576.png 768w, https:\/\/nurs2.moonstarweb.dk\/wp-content\/uploads\/2024\/11\/c168fd3b-b030-4034-affb-0a4b381e18bf-430x323.png 430w, https:\/\/nurs2.moonstarweb.dk\/wp-content\/uploads\/2024\/11\/c168fd3b-b030-4034-affb-0a4b381e18bf-700x525.png 700w, https:\/\/nurs2.moonstarweb.dk\/wp-content\/uploads\/2024\/11\/c168fd3b-b030-4034-affb-0a4b381e18bf-150x113.png 150w\" sizes=\"auto, (max-width: 800px) 100vw, 800px\" \/>\n\t\t\t\t\t<\/div>\n\t\t[\/vc_column][vc_column width=&#8221;1\/2&#8243;]\t\t<div id=\"wd-673dd1041fd6d\" class=\"wd-text-block wd-wpb reset-last-child wd-rs-673dd1041fd6d text-left wd-width-enabled color-scheme-light color-title wd-fontsize-custom font-primary vc_custom_1732104461230\" style=\"--wd-max-width: 80%;\">\n\t\t\t<p>Byens saftigste steaks og b\u00f8ffer!<\/p>\n\t\t<\/div>\n\t\t\t\t<div id=\"wd-673dce85a5ea2\" class=\"wd-text-block wd-wpb reset-last-child wd-rs-673dce85a5ea2 text-left wd-width-enabled color-scheme-light wd-fontsize-custom vc_custom_1732103818763\" style=\"--wd-max-width: 80%;\">\n\t\t\t<p>Hos Nurs g\u00e5r vi aldrig p\u00e5 kompromis med kvaliteten. Vi udv\u00e6lger det bedste kvalitetsk\u00f8d og steger det til perfektion \u2013 alt sammen for at give dig en uforglemmelig smagsoplevelse.<\/p>\n\t\t<\/div>\n\t\t<div id=\"wd-673dcfdf224e6\" class=\" wd-rs-673dcfdf224e6  wd-button-wrapper text-left\"><a  style=\"--btn-color:#fff;--btn-color-hover:#fff;\" class=\"btn btn-style-default btn-shape-semi-round btn-size-default\">Se menu<\/a><\/div>[\/vc_column][\/vc_row]<\/p>\n<\/div>","protected":false},"excerpt":{"rendered":"<p>[vc_row full_width=&#8221;stretch_row&#8221; woodmart_bg_position=&#8221;center-center&#8221; css=&#8221;.vc_custom_1746558494107{margin-top: 0px !important;background: #000000E8 url(https:\/\/nurs2.moonstarweb.dk\/wp-content\/uploads\/2024\/10\/Design-uden-navn-10-1.png?id=27380) !important;background-position: center !important;background-repeat: no-repeat !important;background-size: cover !important;}&#8221; woodmart_css_id=&#8221;681a5e0f1d8be&#8221; responsive_spacing=&#8221;eyJwYXJhbV90eXBlIjoid29vZG1hcnRfcmVzcG9uc2l2ZV9zcGFjaW5nIiwic2VsZWN0b3JfaWQiOiI2ODFhNWUwZjFkOGJlIiwic2hvcnRjb2RlIjoidmNfcm93IiwiZGF0YSI6eyJ0YWJsZXQiOnt9LCJtb2JpbGUiOnt9fX0=&#8221; mobile_bg_img_hidden=&#8221;no&#8221; tablet_bg_img_hidden=&#8221;no&#8221; woodmart_parallax=&#8221;0&#8243;<\/p>\n","protected":false},"author":1,"featured_media":0,"parent":0,"menu_order":0,"comment_status":"closed","ping_status":"closed","template":"","meta":{"footnotes":""},"class_list":["post-4363","page","type-page","status-publish","hentry"],"_links":{"self":[{"href":"https:\/\/nurs2.moonstarweb.dk\/index.php\/wp-json\/wp\/v2\/pages\/4363","targetHints":{"allow":["GET"]}}],"collection":[{"href":"https:\/\/nurs2.moonstarweb.dk\/index.php\/wp-json\/wp\/v2\/pages"}],"about":[{"href":"https:\/\/nurs2.moonstarweb.dk\/index.php\/wp-json\/wp\/v2\/types\/page"}],"author":[{"embeddable":true,"href":"https:\/\/nurs2.moonstarweb.dk\/index.php\/wp-json\/wp\/v2\/users\/1"}],"replies":[{"embeddable":true,"href":"https:\/\/nurs2.moonstarweb.dk\/index.php\/wp-json\/wp\/v2\/comments?post=4363"}],"version-history":[{"count":221,"href":"https:\/\/nurs2.moonstarweb.dk\/index.php\/wp-json\/wp\/v2\/pages\/4363\/revisions"}],"predecessor-version":[{"id":28072,"href":"https:\/\/nurs2.moonstarweb.dk\/index.php\/wp-json\/wp\/v2\/pages\/4363\/revisions\/28072"}],"wp:attachment":[{"href":"https:\/\/nurs2.moonstarweb.dk\/index.php\/wp-json\/wp\/v2\/media?parent=4363"}],"curies":[{"name":"wp","href":"https:\/\/api.w.org\/{rel}","templated":true}]}}