{"id":27941,"date":"2025-01-29T10:01:36","date_gmt":"2025-01-29T10:01:36","guid":{"rendered":"https:\/\/nurs2.moonstarweb.dk\/?page_id=27941"},"modified":"2025-01-29T10:02:19","modified_gmt":"2025-01-29T10:02:19","slug":"handelsbetingelser","status":"publish","type":"page","link":"https:\/\/nurs2.moonstarweb.dk\/index.php\/handelsbetingelser\/","title":{"rendered":"Handelsbetingelser"},"content":{"rendered":"<h1>Handelsbetingelser hos Nurs Steak &amp; Burger House<\/h1>\n<h2><strong>Generelle oplysninger<\/strong><\/h2>\n<p>Nurs Steak &amp; Burger House<br \/>\nNybrogade 2<br \/>\n5800 Nyborg<br \/>\nCVR nr.: 38038702<br \/>\nTelefon: +45 52 58 09 09<br \/>\nEmail: info@nurs.dk<\/p>\n<h2>K\u00f8b via nurs.dk<\/h2>\n<p>Der tages forbehold for: trykfejl, stavefejl, \u00e6ndringer i menuer og tilbud.<br \/>\nDesuden tages der forbehold for forsinket leveringstid og udsolgte varer hos Nurs Steak &amp; Burger House. Vi g\u00f8r dog altid alt vi kan, for at im\u00f8dekomme kundens forventninger.<br \/>\nAlle vores priser er inkl. moms.<br \/>\nTilbud og rabatter kan ikke kombineres, med mindre andet er angivet.<br \/>\nAfhentningstilbud g\u00e6lder ikke p\u00e5 helligdage.<br \/>\nVed k\u00f8b hos Nurs Steak &amp; Burger House er der ingen fortrydelsesret eller returret, da k\u00f8bet omfatter f\u00f8devarer.<\/p>\n<h3>Priser og betaling<\/h3>\n<p>Alle angivende priser er i DKK inkluderet moms.<\/p>\n<p>Ved afhentning vil du ikke blive opkr\u00e6vet ekstra omkostninger udover de valgte produkter. Vi har ikke udbringning.<\/p>\n<p>Du kan betale med kontanter, Dankort, Visa eller MasterCard. Ved brug af vores online betalingsmetoder, kan du blive bedt om at anf\u00f8re n\u00e6rmere personlige oplysninger. Ved brug af kortoplysninger skal du sikre dig selv, at du er fuldt berettiget til at bruge kortet p\u00e5 tidspunktet. Pengene tr\u00e6kkes fra dit kort ved afhentning af butikken og du f\u00e5r en ordrebekr\u00e6ftelse p\u00e5 din mail. Informationer og sikkerhed ved betaling med betalingskort eller kreditkort bliver krypteret og sendt videre til Nets. Dine kortdata vil ikke blive opbevaret hos os.<\/p>\n<p>P\u00e5 nurs.dk er det muligt at v\u00e6lge onlinebetaling ved afhentning.<\/p>\n<h3>Din ordre<\/h3>\n<p>N\u00e5r du har valgt de produkter, du \u00f8nsker at bestille fra menuen, og har afgivet andre n\u00f8dvendige oplysninger, vil du f\u00e5 mulighed for at afgive din ordre ved at klikke p\u00e5 knappen \u201dG\u00e5 til kassen\u201d. Det er vigtigt, at du indtaster og retter eventuelle fejl, f\u00f8r du klikker p\u00e5 knappen, eftersom indtastningsfejl ikke kan rettes, efter du har klikket p\u00e5 denne knap.<br \/>\nN\u00e5r du har afgivet din ordre, og din betaling er autoriseret, kan du ikke \u00e6ndre eller annullere din ordre og kan heller ikke f\u00e5 pengene refunderet. Hvis du \u00f8nsker at \u00e6ndre eller annullere din ordre, kan du kontakte kundeservice som beskrevet i afsnittet omkring kundeservice, og de vil fors\u00f8ge at kontakte restauranten og informere dem om dine \u00f8nsker. Det er dog ingen garanti for, at restauranten accepterer dine \u00f8nsker, idet de allerede kan have p\u00e5begyndt at forberede din ordre. Vi laver maden umiddelbart efter din bestilling, hvorfor vi ikke refunderer betalingen for maden ved afbestilling, da man ved afgivelse af bestilling, binder sig til at modtage den bestilte ordre.<br \/>\nDet er samtidig kundens ansvar at sikre sig, at vi kan komme i telefonisk kontakt, hvis vi har behov for dette i forbindelse med ordren.<\/p>\n<h3>Reklamationsret<\/h3>\n<p>Enhver bestilling, anses som p\u00e5begyndt efter bekr\u00e6ftelse. Reklamationsret skal ske inden for rimelig tid og inden ordren g\u00e5r i produktion. If\u00f8lge k\u00f8beloven er der ikke fortrydelsesret p\u00e5 f\u00f8devarer, da disse har en naturlig holdbarhed.<\/p>\n<p>Afviste og annullerede bestillinger<br \/>\nP\u00e5 grund af bankernes procedurer vil din bank, s\u00e5 snart du har afgivet en bestilling, som du betaler med betalingskort, og din betaling er blevet godkendt, \u201creservere\u201d det fulde bel\u00f8b for din bestilling. Hvis bestillingen efterf\u00f8lgende afvises eller annulleres, vil banken ikke overf\u00f8re bel\u00f8bet til os og vil i stedet frigive bel\u00f8bet p\u00e5 din konto. Dette kan tage mellem 3 og 5 arbejdsdage (eller l\u00e6ngere afh\u00e6ngigt af banken). Du accepterer, at vi ikke kan holdes ansvarlig over for dig, ang\u00e5ende denne forsinkelse fra bankens side ved frigivelse af bel\u00f8b p\u00e5 din konto.<\/p>\n<h3>Juridiske forhold<\/h3>\n<p>Ved at afgive en Ordre p\u00e5 hjemmesiden garanterer du, at du juridisk er i stand til at indg\u00e5 bindende aftaler og at du er over 18 \u00e5r gammel.<\/p>\n<h2>Gavekort gyldighedsperioden<\/h2>\n<p>Gavekort har 5 \u00e5rs gyldighed fra k\u00f8bsdato.<\/p>\n<h2>\u00d8vrige<\/h2>\n<p>Vi har ikke verificeret n\u00f8jagtigheden af det indhold. Det er alene restauranternes ansvar at holde dem opdateret. Hvis du mist\u00e6nker, at indholdet ikke er korrekt eller i tilf\u00e6lde af et tvist mellem dig og vores take away restaurant, ret venligst henvendelse til vores kundeservice, som vil bearbejde din sag bedst muligt. Vores take away restauranter forbeholder sig retten til at afvise enhver bruger.<\/p>\n<p>Misbrug af informationer, betalings- og kreditkort medf\u00f8rer direkte politianmeldelse. Vi opbevarer alle ip adresser.<\/p>\n<p>Har du yderligere sp\u00f8rgsm\u00e5l, er du meget velkommen til at kontakte vores kundeservice.<\/p>\n<p>Copyright 2022<\/p>\n","protected":false},"excerpt":{"rendered":"<p>Handelsbetingelser hos Nurs Steak &amp; Burger House Generelle oplysninger Nurs Steak &amp; Burger House Nybrogade 2 5800 Nyborg CVR nr.:<\/p>\n","protected":false},"author":1,"featured_media":0,"parent":0,"menu_order":0,"comment_status":"closed","ping_status":"closed","template":"","meta":{"footnotes":""},"class_list":["post-27941","page","type-page","status-publish","hentry"],"_links":{"self":[{"href":"https:\/\/nurs2.moonstarweb.dk\/index.php\/wp-json\/wp\/v2\/pages\/27941","targetHints":{"allow":["GET"]}}],"collection":[{"href":"https:\/\/nurs2.moonstarweb.dk\/index.php\/wp-json\/wp\/v2\/pages"}],"about":[{"href":"https:\/\/nurs2.moonstarweb.dk\/index.php\/wp-json\/wp\/v2\/types\/page"}],"author":[{"embeddable":true,"href":"https:\/\/nurs2.moonstarweb.dk\/index.php\/wp-json\/wp\/v2\/users\/1"}],"replies":[{"embeddable":true,"href":"https:\/\/nurs2.moonstarweb.dk\/index.php\/wp-json\/wp\/v2\/comments?post=27941"}],"version-history":[{"count":2,"href":"https:\/\/nurs2.moonstarweb.dk\/index.php\/wp-json\/wp\/v2\/pages\/27941\/revisions"}],"predecessor-version":[{"id":27943,"href":"https:\/\/nurs2.moonstarweb.dk\/index.php\/wp-json\/wp\/v2\/pages\/27941\/revisions\/27943"}],"wp:attachment":[{"href":"https:\/\/nurs2.moonstarweb.dk\/index.php\/wp-json\/wp\/v2\/media?parent=27941"}],"curies":[{"name":"wp","href":"https:\/\/api.w.org\/{rel}","templated":true}]}}