{"id":27720,"date":"2024-11-20T12:08:51","date_gmt":"2024-11-20T12:08:51","guid":{"rendered":"https:\/\/nurs2.moonstarweb.dk\/?page_id=27720"},"modified":"2025-01-29T09:44:44","modified_gmt":"2025-01-29T09:44:44","slug":"27720-2","status":"publish","type":"page","link":"https:\/\/nurs2.moonstarweb.dk\/index.php\/27720-2\/","title":{"rendered":"Om os"},"content":{"rendered":"<div class=\"wpb-content-wrapper\"><p>[vc_row full_width=&#8221;stretch_row_content&#8221; css=&#8221;.vc_custom_1641210221650{margin-top: -300px !important;background-image: url(https:\/\/nurs.dk\/wp-content\/uploads\/2021\/12\/dark-backboard-wall-background-scaled-1.jpg?id=6668) !important;}&#8221;][vc_column width=&#8221;1\/2&#8243;][vc_empty_space height=&#8221;150px&#8221; woodmart_hide_large=&#8221;0&#8243; woodmart_hide_medium=&#8221;0&#8243; woodmart_hide_small=&#8221;0&#8243;][vc_column_text css=&#8221;&#8221; woodmart_inline=&#8221;no&#8221; text_larger=&#8221;no&#8221;]<\/p>\n<h2 style=\"color: #ffffff; text-align: right;\">Nur&#8217;s Burger &amp; Steakhouse<\/h2>\n<p>[\/vc_column_text][vc_column_text]<\/p>\n<p style=\"color: #ffffff; text-align: right;\">BES\u00d8G OS FOR EN GOD OPLEVELSE<\/p>\n<p>[\/vc_column_text][\/vc_column][vc_column width=&#8221;1\/2&#8243;][vc_row_inner][vc_column_inner][vc_empty_space height=&#8221;100px&#8221; woodmart_hide_large=&#8221;0&#8243; woodmart_hide_medium=&#8221;0&#8243; woodmart_hide_small=&#8221;0&#8243;][vc_single_image image=&#8221;27916&#8243; img_size=&#8221;200&#215;200&#8243; onclick=&#8221;custom_link&#8221; css=&#8221;&#8221; link=&#8221;https:\/\/ugeavisen.dk\/lokalavisennyborg\/artikel\/viser-sin-taknemmelighed-ved-at-give-kunderne-igen&#8221; parallax_scroll=&#8221;no&#8221; woodmart_inline=&#8221;no&#8221;][\/vc_column_inner][\/vc_row_inner][\/vc_column][\/vc_row][vc_row full_width=&#8221;stretch_row&#8221; gap=&#8221;30&#8243; full_height=&#8221;yes&#8221; content_placement=&#8221;middle&#8221; css=&#8221;.vc_custom_1737984803735{margin-bottom: 0px !important;padding-top: 50px !important;padding-bottom: 50px !important;background-color: #f8f8f8 !important;}&#8221; woodmart_css_id=&#8221;67978b120a41e&#8221; responsive_spacing=&#8221;eyJwYXJhbV90eXBlIjoid29vZG1hcnRfcmVzcG9uc2l2ZV9zcGFjaW5nIiwic2VsZWN0b3JfaWQiOiI2Nzk3OGIxMjBhNDFlIiwic2hvcnRjb2RlIjoidmNfcm93IiwiZGF0YSI6eyJ0YWJsZXQiOnt9LCJtb2JpbGUiOnt9fX0=&#8221; mobile_bg_img_hidden=&#8221;no&#8221; tablet_bg_img_hidden=&#8221;no&#8221; woodmart_parallax=&#8221;0&#8243; woodmart_gradient_switch=&#8221;no&#8221; woodmart_box_shadow=&#8221;no&#8221; wd_z_index=&#8221;no&#8221; woodmart_disable_overflow=&#8221;0&#8243; row_reverse_mobile=&#8221;0&#8243; row_reverse_tablet=&#8221;0&#8243;][vc_column width=&#8221;1\/6&#8243;][\/vc_column][vc_column width=&#8221;1\/3&#8243;][vc_column_text]<\/p>\n<h3 style=\"text-align: right;\">HVAD G\u00d8R NUR&#8217;S TIL NUR&#8217;S?<\/h3>\n<p>[\/vc_column_text][vc_column_text css=&#8221;&#8221;]<\/p>\n<p style=\"text-align: right;\">Vi synes, at v\u00e6rdier som n\u00e6stek\u00e6rlighed, \u00e6rlighed, ordentlighed og ydmyghed er kendetegnende for os. Vi kr\u00e6ser om at lave de bedste burgere &amp; steaks. Vi pr\u00f8ver altid at tr\u00e6ffe det valg, der b\u00e5de tilgodeser smag og tager hensyn til verden omkring os. Vi lytter til vores g\u00e6ster og til hinanden. Smag p\u00e5 vores l\u00e6kre menu der er en blanding mellem de klassiske middelhavsfavoritter og de danske.<\/p>\n<p>[\/vc_column_text][\/vc_column][vc_column width=&#8221;1\/3&#8243;][vc_single_image image=&#8221;27922&#8243; img_size=&#8221;full&#8221; style=&#8221;vc_box_shadow_3d&#8221; css=&#8221;&#8221; parallax_scroll=&#8221;no&#8221; woodmart_inline=&#8221;no&#8221;][\/vc_column][vc_column width=&#8221;1\/6&#8243;][\/vc_column][\/vc_row][vc_row full_width=&#8221;stretch_row&#8221; gap=&#8221;30&#8243; content_placement=&#8221;middle&#8221; css=&#8221;.vc_custom_1737984786967{margin-bottom: 0px !important;padding-top: 50px !important;padding-bottom: 50px !important;background: #ffffff url(https:\/\/i0.wp.com\/lafka.althemist.com\/fastfood\/wp-content\/uploads\/sites\/2\/2021\/06\/back-romana-white.jpg?id=5420) !important;background-position: center !important;background-repeat: no-repeat !important;background-size: cover !important;}&#8221; woodmart_css_id=&#8221;67978afec0d28&#8243; responsive_spacing=&#8221;eyJwYXJhbV90eXBlIjoid29vZG1hcnRfcmVzcG9uc2l2ZV9zcGFjaW5nIiwic2VsZWN0b3JfaWQiOiI2Nzk3OGFmZWMwZDI4Iiwic2hvcnRjb2RlIjoidmNfcm93IiwiZGF0YSI6eyJ0YWJsZXQiOnt9LCJtb2JpbGUiOnt9fX0=&#8221; mobile_bg_img_hidden=&#8221;no&#8221; tablet_bg_img_hidden=&#8221;no&#8221; woodmart_parallax=&#8221;0&#8243; woodmart_gradient_switch=&#8221;no&#8221; woodmart_box_shadow=&#8221;no&#8221; wd_z_index=&#8221;no&#8221; woodmart_disable_overflow=&#8221;0&#8243; row_reverse_mobile=&#8221;0&#8243; row_reverse_tablet=&#8221;0&#8243;][vc_column width=&#8221;1\/2&#8243;][vc_row_inner][vc_column_inner width=&#8221;1\/2&#8243;][vc_single_image image=&#8221;27716&#8243; img_size=&#8221;800&#215;600&#8243; alignment=&#8221;center&#8221; css_animation=&#8221;bottom-to-top&#8221; css=&#8221;.vc_custom_1737984658203{border-radius: 10px !important;}&#8221; parallax_scroll=&#8221;no&#8221; woodmart_inline=&#8221;no&#8221;][\/vc_column_inner][vc_column_inner width=&#8221;1\/2&#8243;][vc_single_image image=&#8221;27925&#8243; img_size=&#8221;800&#215;600&#8243; alignment=&#8221;center&#8221; css_animation=&#8221;bottom-to-top&#8221; css=&#8221;.vc_custom_1737984741920{border-radius: 10px !important;}&#8221; parallax_scroll=&#8221;no&#8221; woodmart_inline=&#8221;no&#8221;][\/vc_column_inner][\/vc_row_inner][vc_row_inner][vc_column_inner width=&#8221;1\/2&#8243;][vc_single_image image=&#8221;27714&#8243; img_size=&#8221;800&#215;600&#8243; alignment=&#8221;center&#8221; css_animation=&#8221;bottom-to-top&#8221; css=&#8221;.vc_custom_1737984641025{border-radius: 10px !important;}&#8221; parallax_scroll=&#8221;no&#8221; woodmart_inline=&#8221;no&#8221;][\/vc_column_inner][vc_column_inner width=&#8221;1\/2&#8243;][vc_single_image image=&#8221;27715&#8243; img_size=&#8221;800&#215;600&#8243; alignment=&#8221;center&#8221; css_animation=&#8221;bottom-to-top&#8221; css=&#8221;.vc_custom_1737984630599{border-radius: 10px !important;}&#8221; parallax_scroll=&#8221;no&#8221; woodmart_inline=&#8221;no&#8221;][\/vc_column_inner][\/vc_row_inner][\/vc_column][vc_column width=&#8221;1\/2&#8243;][vc_row_inner][vc_column_inner width=&#8221;2\/3&#8243;][vc_column_text]<\/p>\n<h3>God Mad og God Oplevelse<\/h3>\n<p>[\/vc_column_text][vc_column_text]<\/p>\n<h4>Med b\u00e5de traditionelle udgaver af burgeren, samt nye alternative opskrifter, vil Nur&#8217;s v\u00e6re stedet hvor du m\u00f8des med b\u00e5de venner og familie.<\/h4>\n<p>[\/vc_column_text][vc_column_text]N\u00f8gleordet hos os er kompromisl\u00f8s kvalitet, friske r\u00e5varer og store smagsoplevelser. Vores <a style=\"color: #888 !important;\" title=\"menukort\" href=\"https:\/\/\">menukort<\/a> s\u00e6tter et tiltr\u00e6ngt twist p\u00e5 den gode oplevelse. Vi fokuserer nemlig p\u00e5 at skabe de bedste oplevelser for vores kunder med masser af rummelighed, godt hum\u00f8r og god stemning. Det er med andre ord ren hygge i to etager.[\/vc_column_text][\/vc_column_inner][vc_column_inner width=&#8221;1\/3&#8243;][\/vc_column_inner][\/vc_row_inner][\/vc_column][\/vc_row][vc_row full_width=&#8221;stretch_row&#8221; content_placement=&#8221;middle&#8221; general_row_align=&#8221;lafka-align-center&#8221; css=&#8221;.vc_custom_1641508758797{margin-bottom: 0px !important;padding-top: 50px !important;padding-bottom: 80px !important;background-color: #332c2c !important;background-position: center !important;background-repeat: no-repeat !important;background-size: cover !important;}&#8221;][vc_column width=&#8221;1\/2&#8243;][vc_row_inner][vc_column_inner width=&#8221;1\/4&#8243;][\/vc_column_inner][vc_column_inner width=&#8221;1\/2&#8243;][vc_single_image image=&#8221;27928&#8243; img_size=&#8221;500&#215;500&#8243; alignment=&#8221;center&#8221; css_animation=&#8221;appear&#8221; css=&#8221;&#8221; parallax_scroll=&#8221;no&#8221; woodmart_inline=&#8221;no&#8221;][vc_single_image image=&#8221;27929&#8243; img_size=&#8221;200&#215;55&#8243; alignment=&#8221;center&#8221; css=&#8221;&#8221; parallax_scroll=&#8221;no&#8221; woodmart_inline=&#8221;no&#8221;][\/vc_column_inner][vc_column_inner width=&#8221;1\/4&#8243;][\/vc_column_inner][\/vc_row_inner][\/vc_column][vc_column width=&#8221;1\/2&#8243;][vc_empty_space]\t\t\t<div id=\"wd-6799f8365b0f7\" class=\"testimonials wd-rs-6799f8365b0f7 testimon-style-standard color-scheme-light  testimon-align-center  wd-carousel-container\">\n\t\t\t\t\n\t\t\t\t\t\t\t\t\t<div class=\"wd-carousel-inner\">\n\t\t\t\t\t\t\t\t<div class=\" wd-carousel wd-grid\" data-speed=\"5000\" data-wrap=\"yes\" data-autoplay=\"yes\" data-scroll_per_page=\"yes\" style=\"--wd-col-lg:1;--wd-col-md:1;--wd-col-sm:1;--wd-gap-lg:10px;\">\n\t\t\t\t\t\t\t\t\t\t\t<div class=\"wd-carousel-wrap\">\n\t\t\t\t\t\n\t\t\t\t\t\n<div class=\"testimonial  wd-carousel-item\">\n\t<div class=\"testimonial-inner\">\n\t\t\n\t\t<div class=\"testimonial-content\">\n\t\t\t<div class=\"testimonial-rating\">\n\t\t\t\t<span class=\"star-rating\">\n\t\t\t\t\t<span style=\"width:100%\"><\/span>\n\t\t\t\t<\/span>\n\t\t\t<\/div>\n\n\t\t\t&#8220;Bes\u00f8gte Restauranten 27\/9-2024. Vi fik begge en menu 2. B\u00e5de forretten, samt hovedretterne var perfekte. B\u00f8f og Kylling var stegt til perfektion. De store pommes frites holdt sig spr\u00f8de under hele middagen. Vi kommer bestemt igen. Et plus er det s\u00f8deste og venlige personale.&#8221;\n\t\t\t<footer>\n\t\t\t\tKurt Sveistrup\n\t\t\t\t\t\t\t<\/footer>\n\t\t<\/div>\n\t<\/div>\n<\/div>\n<div class=\"testimonial  wd-carousel-item\">\n\t<div class=\"testimonial-inner\">\n\t\t\n\t\t<div class=\"testimonial-content\">\n\t\t\t<div class=\"testimonial-rating\">\n\t\t\t\t<span class=\"star-rating\">\n\t\t\t\t\t<span style=\"width:100%\"><\/span>\n\t\t\t\t<\/span>\n\t\t\t<\/div>\n\n\t\t\t&#8220;Fantastisk spisested! Super venlig betjening og en virkelig god burger med gode pommes\ud83d\ude0a De kan sagtens h\u00e5ndtere et et selskab p\u00e5 14 personer, til trods for fyldt restaurant b\u00e5de ude og inde!<br \/>\nDe bedste anbefalinger herfra! Vi kommer helt sikkert igen!&#8221;\n\t\t\t<footer>\n\t\t\t\tSusanne Conrad\n\t\t\t\t\t\t\t<\/footer>\n\t\t<\/div>\n\t<\/div>\n<\/div>\n<div class=\"testimonial  wd-carousel-item\">\n\t<div class=\"testimonial-inner\">\n\t\t\n\t\t<div class=\"testimonial-content\">\n\t\t\t<div class=\"testimonial-rating\">\n\t\t\t\t<span class=\"star-rating\">\n\t\t\t\t\t<span style=\"width:100%\"><\/span>\n\t\t\t\t<\/span>\n\t\t\t<\/div>\n\n\t\t\t&#8220;Vi har f\u00e5et 3 b\u00f8rnemenuer og 2x uncle Sam. og m\u00e5 virkelig sige det er FANTASTISK specielt deres store 400gram k\u00f8d med oste sovs.. virkeligt l\u00e6kkert og kan VARMT anbefales. f\u00f8rste gang vi pr\u00f8ver jer og bliver bestemt ikke sidste .. \ud83d\ude00\ud83d\ude18&#8221;\n\t\t\t<footer>\n\t\t\t\tBenjamin Baaring Wandrup\n\t\t\t\t\t\t\t<\/footer>\n\t\t<\/div>\n\t<\/div>\n<\/div>\n\t\t\t\t\t\t\t\t\t\t\t<\/div>\n\t\t\t\t\t\t\t\t\t<\/div>\n\n\t\t\t\t\t\t\t\t\t\n\t\t\t\t\t<\/div>\n\n\t\t\t\t\t\t\t\t\t\t\t\t\t\t\t\t\t<\/div>\n\t\t[\/vc_column][\/vc_row]<\/p>\n<\/div>","protected":false},"excerpt":{"rendered":"<p>[vc_row full_width=&#8221;stretch_row_content&#8221; css=&#8221;.vc_custom_1641210221650{margin-top: -300px !important;background-image: url(https:\/\/nurs.dk\/wp-content\/uploads\/2021\/12\/dark-backboard-wall-background-scaled-1.jpg?id=6668) !important;}&#8221;][vc_column width=&#8221;1\/2&#8243;][vc_empty_space height=&#8221;150px&#8221; woodmart_hide_large=&#8221;0&#8243; woodmart_hide_medium=&#8221;0&#8243; woodmart_hide_small=&#8221;0&#8243;][vc_column_text css=&#8221;&#8221; woodmart_inline=&#8221;no&#8221; text_larger=&#8221;no&#8221;] Nur&#8217;s Burger &amp; Steakhouse [\/vc_column_text][vc_column_text]<\/p>\n","protected":false},"author":1,"featured_media":0,"parent":0,"menu_order":0,"comment_status":"closed","ping_status":"closed","template":"","meta":{"footnotes":""},"class_list":["post-27720","page","type-page","status-publish","hentry"],"_links":{"self":[{"href":"https:\/\/nurs2.moonstarweb.dk\/index.php\/wp-json\/wp\/v2\/pages\/27720","targetHints":{"allow":["GET"]}}],"collection":[{"href":"https:\/\/nurs2.moonstarweb.dk\/index.php\/wp-json\/wp\/v2\/pages"}],"about":[{"href":"https:\/\/nurs2.moonstarweb.dk\/index.php\/wp-json\/wp\/v2\/types\/page"}],"author":[{"embeddable":true,"href":"https:\/\/nurs2.moonstarweb.dk\/index.php\/wp-json\/wp\/v2\/users\/1"}],"replies":[{"embeddable":true,"href":"https:\/\/nurs2.moonstarweb.dk\/index.php\/wp-json\/wp\/v2\/comments?post=27720"}],"version-history":[{"count":22,"href":"https:\/\/nurs2.moonstarweb.dk\/index.php\/wp-json\/wp\/v2\/pages\/27720\/revisions"}],"predecessor-version":[{"id":27937,"href":"https:\/\/nurs2.moonstarweb.dk\/index.php\/wp-json\/wp\/v2\/pages\/27720\/revisions\/27937"}],"wp:attachment":[{"href":"https:\/\/nurs2.moonstarweb.dk\/index.php\/wp-json\/wp\/v2\/media?parent=27720"}],"curies":[{"name":"wp","href":"https:\/\/api.w.org\/{rel}","templated":true}]}}